{"id":1538,"date":"2023-05-23T13:03:56","date_gmt":"2023-05-23T19:03:56","guid":{"rendered":"https:\/\/debhaaland.com\/about\/"},"modified":"2025-02-12T09:31:41","modified_gmt":"2025-02-12T16:31:41","slug":"conoce-a-deb","status":"publish","type":"page","link":"https:\/\/debhaaland.com\/es\/conoce-a-deb\/","title":{"rendered":"Conoce a Deb"},"content":{"rendered":"\n<div class=\"wp-block-media-text alignwide has-media-on-the-right is-stacked-on-mobile bump-right\" style=\"grid-template-columns:auto 55%\"><div class=\"wp-block-media-text__content\">\n<h2 class=\"wp-block-heading\">Deb Haaland es de Nuevo M\u00e9xico y para Nuevo M\u00e9xico<\/h2>\n\n\n\n<p>Al igual que muchos Nuevo M\u00e9xicanos, Deb ha enfrentado desaf\u00edos, como la falta de vivienda e inseguridad financiera. Deb ayud\u00f3 a pagar la preescolar de su hija trabajando como voluntaria en la escuela para obtener matr\u00edcula con descuento. Ella dependi\u00f3 de los cupones de alimentos para poner comida en la mesa y de Planned Parenthood para recibir cuidados esenciales. Pero, como tantos en Nuevo M\u00e9xico, la lucha la hizo m\u00e1s fuerte. La resiliencia de Deb la llev\u00f3 a lograr m\u00e1s de tres d\u00e9cadas de sobriedad y construir una carrera impresionante de servicio p\u00fablico.<\/p>\n<\/div><figure class=\"wp-block-media-text__media\"><img loading=\"lazy\" decoding=\"async\" width=\"1024\" height=\"571\" src=\"https:\/\/debhaaland.com\/wp-content\/uploads\/2025\/01\/deb_about_v2-1024x571.png\" alt=\"\" class=\"wp-image-1290 size-full\" srcset=\"https:\/\/debhaaland.com\/wp-content\/uploads\/2025\/01\/deb_about_v2-300x167.png 300w, https:\/\/debhaaland.com\/wp-content\/uploads\/2025\/01\/deb_about_v2-600x334.png 600w, https:\/\/debhaaland.com\/wp-content\/uploads\/2025\/01\/deb_about_v2-768x428.png 768w, https:\/\/debhaaland.com\/wp-content\/uploads\/2025\/01\/deb_about_v2-1024x571.png 1024w, https:\/\/debhaaland.com\/wp-content\/uploads\/2025\/01\/deb_about_v2-1536x856.png 1536w, https:\/\/debhaaland.com\/wp-content\/uploads\/2025\/01\/deb_about_v2.png 1547w\" sizes=\"auto, (max-width: 1024px) 100vw, 1024px\" \/><\/figure><\/div>\n\n\n\n<h2 class=\"wp-block-heading\">Trabajando por las Familias Trabajadoras de Nuevo M\u00e9xico<\/h2>\n\n\n\n<p>Como Secretaria, lider\u00f3 a m\u00e1s de 70,000 empleados federales y trabaj\u00f3 incansablemente por los Nuevo M\u00e9xicanos, asegurando miles de empleos en el estado, un desarrollo hist\u00f3rico de energ\u00eda limpia local y supervisando miles de millones de d\u00f3lares en inversiones en Nuevo M\u00e9xico.<\/p>\n\n\n\n<figure class=\"wp-block-gallery alignwide has-nested-images columns-default is-cropped wp-block-gallery-1 is-layout-flex wp-block-gallery-is-layout-flex\">\n<figure class=\"wp-block-image size-large\"><img loading=\"lazy\" decoding=\"async\" width=\"1024\" height=\"768\" data-id=\"1345\" src=\"https:\/\/debhaaland.com\/wp-content\/uploads\/2025\/02\/53166816643_9c923e948a_o-1024x768.jpg\" alt=\"National park tour\" class=\"wp-image-1345\" srcset=\"https:\/\/debhaaland.com\/wp-content\/uploads\/2025\/02\/53166816643_9c923e948a_o-300x225.jpg 300w, https:\/\/debhaaland.com\/wp-content\/uploads\/2025\/02\/53166816643_9c923e948a_o-600x450.jpg 600w, https:\/\/debhaaland.com\/wp-content\/uploads\/2025\/02\/53166816643_9c923e948a_o-768x576.jpg 768w, https:\/\/debhaaland.com\/wp-content\/uploads\/2025\/02\/53166816643_9c923e948a_o-1024x768.jpg 1024w, https:\/\/debhaaland.com\/wp-content\/uploads\/2025\/02\/53166816643_9c923e948a_o.jpg 1333w\" sizes=\"auto, (max-width: 1024px) 100vw, 1024px\" \/><\/figure>\n\n\n\n<figure class=\"wp-block-image size-large\"><img loading=\"lazy\" decoding=\"async\" width=\"1024\" height=\"683\" data-id=\"1447\" src=\"https:\/\/debhaaland.com\/wp-content\/uploads\/2025\/02\/DSC03670-1-1024x683.jpg\" alt=\"Sitting down with supporters\" class=\"wp-image-1447\" srcset=\"https:\/\/debhaaland.com\/wp-content\/uploads\/2025\/02\/DSC03670-1-300x200.jpg 300w, https:\/\/debhaaland.com\/wp-content\/uploads\/2025\/02\/DSC03670-1-600x400.jpg 600w, https:\/\/debhaaland.com\/wp-content\/uploads\/2025\/02\/DSC03670-1-768x512.jpg 768w, https:\/\/debhaaland.com\/wp-content\/uploads\/2025\/02\/DSC03670-1-1024x683.jpg 1024w, https:\/\/debhaaland.com\/wp-content\/uploads\/2025\/02\/DSC03670-1-1536x1024.jpg 1536w, https:\/\/debhaaland.com\/wp-content\/uploads\/2025\/02\/DSC03670-1-2048x1365.jpg 2048w\" sizes=\"auto, (max-width: 1024px) 100vw, 1024px\" \/><\/figure>\n<\/figure>\n\n\n\n<p>Deb fue confirmada como Secretaria del Interior con un fuerte apoyo bipartidista y es la primera secretaria de gabinete indigena en la historia de nuestra naci\u00f3n. Como Secretaria, lider\u00f3 a m\u00e1s de 70,000 empleados federales y trabaj\u00f3 sin descanso para nosotros , asegurando miles de empleos en el estado, promoviendo el desarrollo hist\u00f3rico de energ\u00eda limpia local y supervisando inversiones por miles de millones de d\u00f3lares en Nuevo M\u00e9xico. Jug\u00f3 un papel clave en la protecci\u00f3n de 13.5 millones de acres de tierra en Nuevo M\u00e9xico y en todo el pa\u00eds, asoci\u00e1ndose con comunidades rurales y Naciones Tribales para preservar nuestros recursos naturales para la pesca, ganader\u00eda, recreaci\u00f3n y mucho m\u00e1s. Y habiendo crecido en una comunidad rural, Deb supo perfectamente como trabajar con los pueblos y aldeas rurales de Nuevo M\u00e9xico para asegurar su acceso al agua y enfrentar sus mayores desaf\u00edos.<\/p>\n\n\n\n<p>En el Congreso, Deb dio prioridad a temas importantes para los Nuevo M\u00e9xicanos, como la creaci\u00f3n de empleos locales en energ\u00eda limpia, asegurando miles de millones para peque\u00f1as empresas y restaurantes durante la pandemia, expandiendo el acceso a internet de banda ancha, abordando la crisis de las mujeres ind\u00edgenas desaparecidas y asesinadas, y protegiendo miles de acres de tierras en Nuevo M\u00e9xico. Ella es reconocida por trabajar a trav\u00e9s de las l\u00edneas partidarias para lograr resultados para Nuevo M\u00e9xico, asegurando m\u00e1s copatrocinadores bipartidistas para su legislaci\u00f3n que cualquier otro congresista nuevo en 2019, e introduciendo siete proyectos de ley firmados por el presidente Donald Trump, uno de los mayores logros de cualquier miembro de la C\u00e1mara de Representantes en ese Congreso.<\/p>\n\n\n\n<p>Mientras criaba a su hij@, Somah, como madre soltera, Deb tom\u00f3 trabajos de catering y dirigi\u00f3 su propio peque\u00f1o negocio produciendo y enlatando salsa. Como administradora tribal en el Pueblo de San Felipe y miembro de la Junta Directiva de la Laguna Development Corporation, Deb abog\u00f3 con \u00e9xito por cambios que apoyaron a las peque\u00f1as empresas mientras proteg\u00edan nuestras tierras y aguas. Quer\u00eda marcar la diferencia para los trabajadores Nuevo M\u00e9xicanos como ella, por lo que comenz\u00f3 a involucrarse en registrar votantes. En 2018, Deb hizo historia al convertirse en una de las primeras mujeres nativas americanas elegidas al Congreso.<\/p>\n\n\n\n<p>Creciendo en una familia militar, Deb asisti\u00f3 a 13 escuelas p\u00fablicas antes de graduarse de Highland High School en Albuquerque. A los 28 a\u00f1os, obtuvo una licenciatura en ingl\u00e9s de la Universidad de Nuevo M\u00e9xico y luego un J.D. de la Facultad de Derecho de la UNM.<\/p>\n\n\n\n<figure class=\"wp-block-gallery alignwide has-nested-images columns-default is-cropped wp-block-gallery-2 is-layout-flex wp-block-gallery-is-layout-flex\">\n<figure class=\"wp-block-image size-large\"><img loading=\"lazy\" decoding=\"async\" width=\"1024\" height=\"730\" data-id=\"1295\" src=\"https:\/\/debhaaland.com\/wp-content\/uploads\/2025\/01\/Mask-Group7-1024x730.png\" alt=\"\" class=\"wp-image-1295\" srcset=\"https:\/\/debhaaland.com\/wp-content\/uploads\/2025\/01\/Mask-Group7-300x214.png 300w, https:\/\/debhaaland.com\/wp-content\/uploads\/2025\/01\/Mask-Group7-600x428.png 600w, https:\/\/debhaaland.com\/wp-content\/uploads\/2025\/01\/Mask-Group7-768x548.png 768w, https:\/\/debhaaland.com\/wp-content\/uploads\/2025\/01\/Mask-Group7-1024x730.png 1024w, https:\/\/debhaaland.com\/wp-content\/uploads\/2025\/01\/Mask-Group7.png 1102w\" sizes=\"auto, (max-width: 1024px) 100vw, 1024px\" \/><\/figure>\n\n\n\n<figure class=\"wp-block-image size-large\"><img loading=\"lazy\" decoding=\"async\" width=\"1024\" height=\"642\" data-id=\"1428\" src=\"https:\/\/debhaaland.com\/wp-content\/uploads\/2025\/02\/IMG_1480-scaled-e1739198156548-1024x642.jpeg\" alt=\"\" class=\"wp-image-1428\" srcset=\"https:\/\/debhaaland.com\/wp-content\/uploads\/2025\/02\/IMG_1480-scaled-e1739198156548-300x188.jpeg 300w, https:\/\/debhaaland.com\/wp-content\/uploads\/2025\/02\/IMG_1480-scaled-e1739198156548-600x376.jpeg 600w, https:\/\/debhaaland.com\/wp-content\/uploads\/2025\/02\/IMG_1480-scaled-e1739198156548-768x481.jpeg 768w, https:\/\/debhaaland.com\/wp-content\/uploads\/2025\/02\/IMG_1480-scaled-e1739198156548-1024x642.jpeg 1024w, https:\/\/debhaaland.com\/wp-content\/uploads\/2025\/02\/IMG_1480-scaled-e1739198156548-1536x962.jpeg 1536w, https:\/\/debhaaland.com\/wp-content\/uploads\/2025\/02\/IMG_1480-scaled-e1739198156548-2048x1283.jpeg 2048w\" sizes=\"auto, (max-width: 1024px) 100vw, 1024px\" \/><\/figure>\n<\/figure>\n\n\n\n<p><\/p>\n","protected":false},"excerpt":{"rendered":"<p>Deb Haaland es de Nuevo M\u00e9xico y para Nuevo M\u00e9xico Al igual que muchos Nuevo M\u00e9xicanos, Deb ha enfrentado desaf\u00edos, como la falta de vivienda e inseguridad financiera. Deb ayud\u00f3 a pagar la preescolar de su&nbsp;&hellip;<\/p>\n","protected":false},"author":11,"featured_media":0,"parent":0,"menu_order":0,"comment_status":"closed","ping_status":"closed","template":"","meta":{"_acf_changed":false,"footnotes":""},"class_list":["post-1538","page","type-page","status-publish","hentry"],"acf":[],"yoast_head":"<!-- This site is optimized with the Yoast SEO plugin v26.3 - https:\/\/yoast.com\/wordpress\/plugins\/seo\/ -->\n<title>Conoce a Deb | Deb Haaland por Nuevo M\u00e9xico<\/title>\n<meta name=\"robots\" content=\"index, follow, max-snippet:-1, max-image-preview:large, max-video-preview:-1\" \/>\n<link rel=\"canonical\" href=\"https:\/\/debhaaland.com\/es\/conoce-a-deb\/\" \/>\n<meta property=\"og:locale\" content=\"es_ES\" \/>\n<meta property=\"og:type\" content=\"article\" \/>\n<meta property=\"og:title\" content=\"Conoce a Deb | Deb Haaland por Nuevo M\u00e9xico\" \/>\n<meta property=\"og:description\" content=\"Deb Haaland es de Nuevo M\u00e9xico y para Nuevo M\u00e9xico Al igual que muchos Nuevo M\u00e9xicanos, Deb ha enfrentado desaf\u00edos, como la falta de vivienda e inseguridad financiera. Deb ayud\u00f3 a pagar la preescolar de su&nbsp;&hellip;\" \/>\n<meta property=\"og:url\" content=\"https:\/\/debhaaland.com\/es\/conoce-a-deb\/\" \/>\n<meta property=\"og:site_name\" content=\"Deb Haaland por Nuevo M\u00e9xico\" \/>\n<meta property=\"article:modified_time\" content=\"2025-02-12T16:31:41+00:00\" \/>\n<meta property=\"og:image\" content=\"http:\/\/debhaaland.com\/wp-content\/uploads\/2025\/02\/DH-AB-Meta-1200x630-2.png\" \/>\n\t<meta property=\"og:image:width\" content=\"1200\" \/>\n\t<meta property=\"og:image:height\" content=\"620\" \/>\n\t<meta property=\"og:image:type\" content=\"image\/png\" \/>\n<meta name=\"twitter:card\" content=\"summary_large_image\" \/>\n<meta name=\"twitter:image\" content=\"https:\/\/debhaaland.com\/wp-content\/uploads\/2025\/02\/DH-AB-Meta-1200x630-2.png\" \/>\n<script type=\"application\/ld+json\" class=\"yoast-schema-graph\">{\"@context\":\"https:\/\/schema.org\",\"@graph\":[{\"@type\":\"WebPage\",\"@id\":\"https:\/\/debhaaland.com\/es\/conoce-a-deb\/\",\"url\":\"https:\/\/debhaaland.com\/es\/conoce-a-deb\/\",\"name\":\"Conoce a Deb | Deb Haaland por Nuevo M\u00e9xico\",\"isPartOf\":{\"@id\":\"https:\/\/debhaaland.com\/es\/#website\"},\"primaryImageOfPage\":{\"@id\":\"https:\/\/debhaaland.com\/es\/conoce-a-deb\/#primaryimage\"},\"image\":{\"@id\":\"https:\/\/debhaaland.com\/es\/conoce-a-deb\/#primaryimage\"},\"thumbnailUrl\":\"https:\/\/debhaaland.com\/wp-content\/uploads\/2025\/01\/deb_about_v2-1024x571.png\",\"datePublished\":\"2023-05-23T19:03:56+00:00\",\"dateModified\":\"2025-02-12T16:31:41+00:00\",\"breadcrumb\":{\"@id\":\"https:\/\/debhaaland.com\/es\/conoce-a-deb\/#breadcrumb\"},\"inLanguage\":\"es-ES\",\"potentialAction\":[{\"@type\":\"ReadAction\",\"target\":[\"https:\/\/debhaaland.com\/es\/conoce-a-deb\/\"]}]},{\"@type\":\"ImageObject\",\"inLanguage\":\"es-ES\",\"@id\":\"https:\/\/debhaaland.com\/es\/conoce-a-deb\/#primaryimage\",\"url\":\"https:\/\/debhaaland.com\/wp-content\/uploads\/2025\/01\/deb_about_v2-1024x571.png\",\"contentUrl\":\"https:\/\/debhaaland.com\/wp-content\/uploads\/2025\/01\/deb_about_v2-1024x571.png\"},{\"@type\":\"BreadcrumbList\",\"@id\":\"https:\/\/debhaaland.com\/es\/conoce-a-deb\/#breadcrumb\",\"itemListElement\":[{\"@type\":\"ListItem\",\"position\":1,\"name\":\"Home\",\"item\":\"https:\/\/debhaaland.com\/es\/\"},{\"@type\":\"ListItem\",\"position\":2,\"name\":\"Conoce a Deb\"}]},{\"@type\":\"WebSite\",\"@id\":\"https:\/\/debhaaland.com\/es\/#website\",\"url\":\"https:\/\/debhaaland.com\/es\/\",\"name\":\"Deb Haaland por Nuevo M\u00e9xico\",\"description\":\"Sitio web oficial de la campa\u00f1a\",\"potentialAction\":[{\"@type\":\"SearchAction\",\"target\":{\"@type\":\"EntryPoint\",\"urlTemplate\":\"https:\/\/debhaaland.com\/es\/?s={search_term_string}\"},\"query-input\":{\"@type\":\"PropertyValueSpecification\",\"valueRequired\":true,\"valueName\":\"search_term_string\"}}],\"inLanguage\":\"es-ES\"}]}<\/script>\n<!-- \/ Yoast SEO plugin. -->","yoast_head_json":{"title":"Conoce a Deb | Deb Haaland por Nuevo M\u00e9xico","robots":{"index":"index","follow":"follow","max-snippet":"max-snippet:-1","max-image-preview":"max-image-preview:large","max-video-preview":"max-video-preview:-1"},"canonical":"https:\/\/debhaaland.com\/es\/conoce-a-deb\/","og_locale":"es_ES","og_type":"article","og_title":"Conoce a Deb | Deb Haaland por Nuevo M\u00e9xico","og_description":"Deb Haaland es de Nuevo M\u00e9xico y para Nuevo M\u00e9xico Al igual que muchos Nuevo M\u00e9xicanos, Deb ha enfrentado desaf\u00edos, como la falta de vivienda e inseguridad financiera. Deb ayud\u00f3 a pagar la preescolar de su&nbsp;&hellip;","og_url":"https:\/\/debhaaland.com\/es\/conoce-a-deb\/","og_site_name":"Deb Haaland por Nuevo M\u00e9xico","article_modified_time":"2025-02-12T16:31:41+00:00","og_image":[{"width":1200,"height":620,"url":"http:\/\/debhaaland.com\/wp-content\/uploads\/2025\/02\/DH-AB-Meta-1200x630-2.png","type":"image\/png"}],"twitter_card":"summary_large_image","twitter_image":"https:\/\/debhaaland.com\/wp-content\/uploads\/2025\/02\/DH-AB-Meta-1200x630-2.png","schema":{"@context":"https:\/\/schema.org","@graph":[{"@type":"WebPage","@id":"https:\/\/debhaaland.com\/es\/conoce-a-deb\/","url":"https:\/\/debhaaland.com\/es\/conoce-a-deb\/","name":"Conoce a Deb | Deb Haaland por Nuevo M\u00e9xico","isPartOf":{"@id":"https:\/\/debhaaland.com\/es\/#website"},"primaryImageOfPage":{"@id":"https:\/\/debhaaland.com\/es\/conoce-a-deb\/#primaryimage"},"image":{"@id":"https:\/\/debhaaland.com\/es\/conoce-a-deb\/#primaryimage"},"thumbnailUrl":"https:\/\/debhaaland.com\/wp-content\/uploads\/2025\/01\/deb_about_v2-1024x571.png","datePublished":"2023-05-23T19:03:56+00:00","dateModified":"2025-02-12T16:31:41+00:00","breadcrumb":{"@id":"https:\/\/debhaaland.com\/es\/conoce-a-deb\/#breadcrumb"},"inLanguage":"es-ES","potentialAction":[{"@type":"ReadAction","target":["https:\/\/debhaaland.com\/es\/conoce-a-deb\/"]}]},{"@type":"ImageObject","inLanguage":"es-ES","@id":"https:\/\/debhaaland.com\/es\/conoce-a-deb\/#primaryimage","url":"https:\/\/debhaaland.com\/wp-content\/uploads\/2025\/01\/deb_about_v2-1024x571.png","contentUrl":"https:\/\/debhaaland.com\/wp-content\/uploads\/2025\/01\/deb_about_v2-1024x571.png"},{"@type":"BreadcrumbList","@id":"https:\/\/debhaaland.com\/es\/conoce-a-deb\/#breadcrumb","itemListElement":[{"@type":"ListItem","position":1,"name":"Home","item":"https:\/\/debhaaland.com\/es\/"},{"@type":"ListItem","position":2,"name":"Conoce a Deb"}]},{"@type":"WebSite","@id":"https:\/\/debhaaland.com\/es\/#website","url":"https:\/\/debhaaland.com\/es\/","name":"Deb Haaland por Nuevo M\u00e9xico","description":"Sitio web oficial de la campa\u00f1a","potentialAction":[{"@type":"SearchAction","target":{"@type":"EntryPoint","urlTemplate":"https:\/\/debhaaland.com\/es\/?s={search_term_string}"},"query-input":{"@type":"PropertyValueSpecification","valueRequired":true,"valueName":"search_term_string"}}],"inLanguage":"es-ES"}]}},"_links":{"self":[{"href":"https:\/\/debhaaland.com\/es\/wp-json\/wp\/v2\/pages\/1538","targetHints":{"allow":["GET"]}}],"collection":[{"href":"https:\/\/debhaaland.com\/es\/wp-json\/wp\/v2\/pages"}],"about":[{"href":"https:\/\/debhaaland.com\/es\/wp-json\/wp\/v2\/types\/page"}],"author":[{"embeddable":true,"href":"https:\/\/debhaaland.com\/es\/wp-json\/wp\/v2\/users\/11"}],"replies":[{"embeddable":true,"href":"https:\/\/debhaaland.com\/es\/wp-json\/wp\/v2\/comments?post=1538"}],"version-history":[{"count":3,"href":"https:\/\/debhaaland.com\/es\/wp-json\/wp\/v2\/pages\/1538\/revisions"}],"predecessor-version":[{"id":1574,"href":"https:\/\/debhaaland.com\/es\/wp-json\/wp\/v2\/pages\/1538\/revisions\/1574"}],"wp:attachment":[{"href":"https:\/\/debhaaland.com\/es\/wp-json\/wp\/v2\/media?parent=1538"}],"curies":[{"name":"wp","href":"https:\/\/api.w.org\/{rel}","templated":true}]}}